{"id":81,"date":"2019-06-08T09:46:48","date_gmt":"2019-06-08T09:46:48","guid":{"rendered":"https:\/\/gaccounting.al\/?page_id=81"},"modified":"2022-11-09T11:45:21","modified_gmt":"2022-11-09T09:45:21","slug":"rreth-nesh","status":"publish","type":"page","link":"https:\/\/gaccounting.al\/sq\/rreth-nesh\/","title":{"rendered":"Rreth nesh"},"content":{"rendered":"<p style=\"text-align: left;\">Ne do t&#8217;ju ndihmojm\u00eb q\u00eb biznesi juaj t\u00eb rritet m\u00eb shpejt dhe t\u00eb funksionoj\u00eb n\u00eb m\u00ebnyr\u00eb m\u00eb efikase n\u00eb \u00e7do hap t\u00eb rrug\u00ebs.gaccounting \u00ebsht\u00eb nj\u00eb zyr\u00eb kontabiliteti q\u00eb ofron sh\u00ebrbime t\u00eb kontabilitetit, taksave dhe p\u00ebrmir\u00ebsimit t\u00eb sh\u00ebrbimeve t\u00eb biznesit p\u00ebr klient\u00ebt vendas dhe t\u00eb huaj n\u00eb t\u00eb gjith\u00eb Shqip\u00ebrin\u00eb.Praktika jon\u00eb mbikqyret nga Autoriteti i \u00c7ertifikimit dhe Qendra Komb\u00ebtare e Biznesit, q\u00eb nga viti 2010. Ne do ju ndihmojm\u00eb, dhe do punojm\u00eb s\u00eb bashku p\u00ebr t\u00eb hartuar proceset tuaja t\u00eb kontabilitetit dhe p\u00ebr t\u00eb marr\u00eb informacion kuptimplot\u00eb dhe n\u00eb koh\u00eb, nga sistemet tuaja. <span style=\"color: rgb(204, 32, 39);\">Ne e quajm\u00eb p\u00ebrqasjen<em>&nbsp;ton\u00eb kontabilitologji&nbsp;<\/em><em>&#8211;<\/em><em>&nbsp;<\/em>shkrirje e kontabilitetit me teknologjin\u00eb.<\/span>Ne ja dalim mban\u00eb t\u00eb kuptojm\u00eb \u00e7do biznes t\u00eb klient\u00ebve dhe \u00e7do sfid\u00eb individuale q\u00eb ata hasin.<\/p>\n","protected":false},"excerpt":{"rendered":"<p>Ne do t&#8217;ju ndihmojm\u00eb q\u00eb biznesi juaj t\u00eb rritet m\u00eb shpejt dhe t\u00eb funksionoj\u00eb n\u00eb m\u00ebnyr\u00eb m\u00eb efikase n\u00eb \u00e7do hap t\u00eb rrug\u00ebs.gaccounting \u00ebsht\u00eb nj\u00eb zyr\u00eb kontabiliteti q\u00eb ofron sh\u00ebrbime t\u00eb kontabilitetit, taksave dhe p\u00ebrmir\u00ebsimit t\u00eb sh\u00ebrbimeve t\u00eb biznesit p\u00ebr klient\u00ebt vendas dhe t\u00eb huaj n\u00eb t\u00eb gjith\u00eb Shqip\u00ebrin\u00eb.Praktika jon\u00eb mbikqyret nga Autoriteti i \u00c7ertifikimit &hellip; <\/p>\n<p class=\"link-more\"><a href=\"https:\/\/gaccounting.al\/sq\/rreth-nesh\/\" class=\"more-link\">Continue reading<span class=\"screen-reader-text\"> &#8220;Rreth nesh&#8221;<\/span><\/a><\/p>\n","protected":false},"author":1,"featured_media":0,"parent":0,"menu_order":0,"comment_status":"closed","ping_status":"closed","template":"","meta":{"_seopress_robots_primary_cat":"","_seopress_titles_title":"","_seopress_titles_desc":"","_seopress_robots_index":"","footnotes":"","tve_updated_post":"","tve_custom_css":"","tve_user_custom_css":"","tve_globals":{},"tcb2_ready":1,"tcb_editor_enabled":1,"tve_landing_page":"blank_v2","_tve_header":"11","_tve_footer":"44"},"class_list":["post-81","page","type-page","status-publish","hentry","entry"],"_links":{"self":[{"href":"https:\/\/gaccounting.al\/sq\/wp-json\/wp\/v2\/pages\/81","targetHints":{"allow":["GET"]}}],"collection":[{"href":"https:\/\/gaccounting.al\/sq\/wp-json\/wp\/v2\/pages"}],"about":[{"href":"https:\/\/gaccounting.al\/sq\/wp-json\/wp\/v2\/types\/page"}],"author":[{"embeddable":true,"href":"https:\/\/gaccounting.al\/sq\/wp-json\/wp\/v2\/users\/1"}],"replies":[{"embeddable":true,"href":"https:\/\/gaccounting.al\/sq\/wp-json\/wp\/v2\/comments?post=81"}],"version-history":[{"count":0,"href":"https:\/\/gaccounting.al\/sq\/wp-json\/wp\/v2\/pages\/81\/revisions"}],"wp:attachment":[{"href":"https:\/\/gaccounting.al\/sq\/wp-json\/wp\/v2\/media?parent=81"}],"curies":[{"name":"wp","href":"https:\/\/api.w.org\/{rel}","templated":true}]}}