{"id":287,"date":"2019-01-01T16:00:23","date_gmt":"2019-01-01T14:00:23","guid":{"rendered":"https:\/\/gaccounting.al\/privacy-policy\/"},"modified":"2020-07-13T14:46:22","modified_gmt":"2020-07-13T12:46:22","slug":"privatesia","status":"publish","type":"page","link":"https:\/\/gaccounting.al\/sq\/privatesia\/","title":{"rendered":"Privat\u00ebsia"},"content":{"rendered":"<p>\u200bKjo Uebfaqe ofrohet nga Gaccounting pa asnj\u00eb kosto dhe ka p\u00ebr q\u00ebllim p\u00ebrdorim si\u00e7 \u00ebsht\u00eb.Kjo faqe p\u00ebrdoret p\u00ebr t\u00eb informuar vizitor\u00ebt n\u00eb lidhje me politikat tona me mbledhjen, p\u00ebrdorimin dhe nxjerrjen e informacionit personal n\u00ebse dikush vendos t\u00eb p\u00ebrdor\u00eb sh\u00ebrbimin ton\u00eb.N\u00ebse vendosni t\u00eb p\u00ebrdorni sh\u00ebrbimin ton\u00eb, at\u00ebher\u00eb jeni dakord p\u00ebr mbledhjen dhe p\u00ebrdorimin e informacionit n\u00eb lidhje me k\u00ebt\u00eb politik\u00eb. Informacioni Personal q\u00eb mbledhim p\u00ebrdoret p\u00ebr sigurimin dhe p\u00ebrmir\u00ebsimin e sh\u00ebrbimit. Ne nuk do t\u00eb p\u00ebrdorim ose shp\u00ebrndajm\u00eb informacionin tuaj me ask\u00ebnd p\u00ebrve\u00e7 si\u00e7 p\u00ebrshkruhet n\u00eb k\u00ebt\u00eb politik\u00eb t\u00eb privat\u00ebsis\u00eb.Termat e p\u00ebrdorur n\u00eb k\u00ebt\u00eb politik\u00eb t\u00eb privat\u00ebsis\u00eb kan\u00eb t\u00eb nj\u00ebjtat kuptime si n\u00eb Kushtet tona, i cili \u00ebsht\u00eb i arritsh\u00ebm n\u00eb gaccounting n\u00ebse nuk p\u00ebrcaktohet ndryshe n\u00eb k\u00ebt\u00eb politik\u00eb t\u00eb privat\u00ebsis\u00eb.<\/p>\n<p><strong>Informacioni q\u00eb mbledhim dhe p\u00ebrdorim<\/strong><\/p>\n<p>\u200bP\u00ebr nj\u00eb p\u00ebrvoj\u00eb m\u00eb t\u00eb mir\u00eb, gjat\u00eb p\u00ebrdorimit t\u00eb sh\u00ebrbimit ton\u00eb, mund t\u00eb k\u00ebrkojm\u00eb nga ju q\u00eb t\u00eb na siguroni disa informacione t\u00eb identifikueshme personalisht, duke p\u00ebrfshir\u00eb por jo t\u00eb kufizuar, ne mbledhim vet\u00ebm statistikat e vizitor\u00ebve n\u00eb uebfaqe p\u00ebr analitik\u00ebn ton\u00eb. Informacioni q\u00eb k\u00ebrkojm\u00eb do t\u00eb ruhet nga ne dhe do t\u00eb p\u00ebrdoret si\u00e7 p\u00ebrshkruhet n\u00eb k\u00ebt\u00eb politik\u00eb t\u00eb privat\u00ebsis\u00eb.Uebfaqja p\u00ebrdor sh\u00ebrbime t\u00eb pal\u00ebve t\u00eb treta q\u00eb mund t\u00eb mbledhin informacione t\u00eb p\u00ebrdorura p\u00ebr t&#8217;ju identifikuar.Lidhur me politik\u00ebn e privat\u00ebsis\u00eb t\u00eb ofruesve t\u00eb sh\u00ebrbimeve t\u00eb pal\u00ebve t\u00eb treta t\u00eb p\u00ebrdorura nga faqja e uebit<\/p>\n<ul>\n<li><a href=\"https:\/\/www.google.com\/policies\/privacy\/\" target=\"_blank\" style=\"outline: currentcolor none medium;\" rel=\"noopener noreferrer\">Google Play Services<\/a><\/li>\n<li><a href=\"https:\/\/support.google.com\/admob\/answer\/6128543?hl=en\" target=\"_blank\" style=\"outline: currentcolor none medium;\" rel=\"noopener noreferrer\">AdMob<\/a><\/li>\n<li><a href=\"https:\/\/firebase.google.com\/policies\/analytics\" target=\"_blank\" style=\"outline: currentcolor none medium;\" rel=\"noopener noreferrer\">Firebase Analytics<\/a><\/li>\n<li><a href=\"https:\/\/www.facebook.com\/about\/privacy\" target=\"_blank\" style=\"outline: currentcolor none medium;\" rel=\"noopener noreferrer\">Facebook<\/a><\/li>\n<\/ul>\n<p><strong>\u200bT\u00eb dhenat&nbsp;<\/strong><\/p>\n<p>\u200bNe d\u00ebshirojm\u00eb t&#8217;ju informojm\u00eb se sa her\u00eb q\u00eb p\u00ebrdorni sh\u00ebrbimin ton\u00eb, n\u00eb rast t\u00eb nj\u00eb gabimi n\u00eb uebfaqe, ne mbledhim t\u00eb dh\u00ebna dhe informacion (p\u00ebrmes produkteve t\u00eb pal\u00ebve t\u00eb treta). K\u00ebto t\u00eb dh\u00ebna \u200bmund t\u00eb p\u00ebrfshijn\u00eb informacione t\u00eb tilla si adresa e Protokollit t\u00eb Internetit t\u00eb pajisjes suaj (&#8220;IP&#8221;), emri i pajisjes, versioni i sistemit operativ, konfigurimi i faqes n\u00eb internet kur p\u00ebrdorni sh\u00ebrbimin ton\u00eb, koh\u00ebn dhe dat\u00ebn e p\u00ebrdorimit tuaj t\u00eb sh\u00ebrbimit dhe statistikat e tjera .<\/p>\n<p><strong>\u200bCookies<\/strong><\/p>\n<p>Cookies jan\u00e7 skedar\u00eb me nj\u00eb sasi t\u00eb vog\u00ebl t\u00eb t\u00eb dh\u00ebnave q\u00eb zakonisht p\u00ebrdoren si identifikues unik anonim. K\u00ebto d\u00ebrgohen n\u00eb shfletuesin tuaj nga faqet e internetit q\u00eb vizitoni dhe ruhen n\u00eb kujtes\u00ebn e brendshme t\u00eb pajisjes tuaj.Ky sh\u00ebrbim nuk i p\u00ebrdor k\u00ebto &#8220;cookie&#8221; n\u00eb m\u00ebnyr\u00eb t\u00eb qart\u00eb. Sidoqoft\u00eb, faqja e internetit mund t\u00eb p\u00ebrdor\u00eb kodin e pal\u00ebve t\u00eb treta dhe bibliotekat q\u00eb p\u00ebrdorin &#8220;cookie&#8221; p\u00ebr t\u00eb mbledhur informacion dhe p\u00ebr t\u00eb p\u00ebrmir\u00ebsuar sh\u00ebrbimet e tyre. Ju keni mund\u00ebsin\u00eb t\u00eb pranoni ose refuzoni k\u00ebto cookie dhe t\u00eb dini kur nj\u00eb cookie po d\u00ebrgohet n\u00eb pajisjen tuaj. N\u00ebse vendosni t\u00eb refuzoni cookie-t tona, mund t\u00eb mos jeni n\u00eb gjendje t\u00eb p\u00ebrdorni disa pjes\u00eb t\u00eb k\u00ebtij Sh\u00ebrbimi.<\/p>\n<p><strong>\u200bOfruesit e sh\u00ebrbimeve<\/strong><\/p>\n<p>Ne mund t\u00eb pun\u00ebsojm\u00eb kompani t\u00eb pal\u00ebve t\u00eb treta dhe individ\u00eb p\u00ebr arsyet e m\u00ebposhtme:<\/p>\n<ul>\n<li>\u200bP\u00ebr t\u00eb leht\u00ebsuar sh\u00ebrbimin ton\u00eb;<\/li>\n<li>\u200bP\u00ebr t\u00eb ofruar sh\u00ebrbimin n\u00eb emrin ton\u00eb;<\/li>\n<li>P\u00ebr t\u00eb kryer sh\u00ebrbime t\u00eb lidhura me sh\u00ebrbimin; ose<\/li>\n<li>P\u00ebr t\u00eb na ndihmuar n\u00eb analizimin e m\u00ebnyr\u00ebs se si p\u00ebrdoret sh\u00ebrbimi yn\u00eb.<\/li>\n<\/ul>\n<p>\u200bNe d\u00ebshirojm\u00eb t\u00eb informojm\u00eb p\u00ebrdoruesit e k\u00ebtij sh\u00ebrbimi q\u00eb k\u00ebta pal\u00eb t\u00eb treta kan\u00eb qasje n\u00eb informacionin tuaj personal. Arsyeja \u00ebsht\u00eb kryerja e detyrave q\u00eb u jan\u00eb caktuar atyre n\u00eb emrin ton\u00eb. Sidoqoft\u00eb, ata jan\u00eb t\u00eb detyruar t\u00eb mos i zbulojn\u00eb ose p\u00ebrdorin informacionet p\u00ebr ndonj\u00eb q\u00ebllim tjet\u00ebr.<\/p>\n<p><strong>Siguria<\/strong><\/p>\n<p>\u200bNe e vler\u00ebsojm\u00eb besimin tuaj n\u00eb sigurimin e informacionit tuaj personal, k\u00ebshtu q\u00eb ne po p\u00ebrpiqemi t\u00eb p\u00ebrdorim mjete t\u00eb pranueshme tregtare p\u00ebr ta mbrojtur at\u00eb. Por mbani mend se asnj\u00eb metod\u00eb e transmetimit p\u00ebrmes internetit, apo metod\u00eb e ruajtjes elektronike nuk \u00ebsht\u00eb 100% e sigurt dhe e besueshme, dhe ne nuk mund t\u00eb garantojm\u00eb sigurin\u00eb e saj absolute.<\/p>\n<p><strong>\u200bLidhje me faqet e tjera<\/strong><\/p>\n<p>\u200bKy sh\u00ebrbim mund t\u00eb p\u00ebrmbaj\u00eb lidhje me faqet e tjera. N\u00ebse klikoni n\u00eb nj\u00eb lidhje t\u00eb pal\u00ebve t\u00eb treta, do t\u00eb drejtoheni n\u00eb at\u00eb site. Vini re se k\u00ebto faqe t\u00eb jashtme nuk operohen nga ne. Prandaj, ju k\u00ebshillojm\u00eb me forc\u00eb t\u00eb rishikoni politik\u00ebn e privat\u00ebsis\u00eb s\u00eb k\u00ebtyre faqeve t\u00eb internetit. Ne nuk kemi asnj\u00eb kontroll mbi dhe nuk marrim asnj\u00eb p\u00ebrgjegj\u00ebsi p\u00ebr p\u00ebrmbajtjen, politikat e privat\u00ebsis\u00eb ose praktikat e faqeve ose sh\u00ebrbimeve t\u00eb pal\u00ebve t\u00eb treta.<\/p>\n<p><strong>\u200bPrivat\u00ebsia e f\u00ebmij\u00ebve<\/strong><\/p>\n<p>\u200bK\u00ebto sh\u00ebrbime nuk i drejtohen askujt n\u00ebn mosh\u00ebn 13. Ne nuk i mbledhim me vet\u00ebdije informacione t\u00eb identifikueshme personalisht nga f\u00ebmij\u00ebt n\u00ebn 13. N\u00eb rast se zbulojm\u00eb se nj\u00eb f\u00ebmij\u00eb n\u00ebn 13 vje\u00e7 na ka siguruar informacione personale, ne menj\u00ebher\u00eb i fshijm\u00eb ato nga server\u00ebt tan\u00eb. N\u00ebse jeni prind ose kujdestar dhe jeni t\u00eb vet\u00ebdijsh\u00ebm q\u00eb f\u00ebmija juaj na ka siguruar informacione personale, ju lutemi na kontaktoni q\u00eb t\u00eb mund t\u00eb b\u00ebjm\u00eb veprimet e nevojshme.<\/p>\n<p><strong>\u200bNdryshimet n\u00eb k\u00ebt\u00eb politik\u00eb t\u00eb privat\u00ebsis\u00eb<\/strong><\/p>\n<p>\u200bNe mund t\u00eb p\u00ebrmir\u00ebsojm\u00eb her\u00eb pas here politik\u00ebn ton\u00eb t\u00eb privat\u00ebsis\u00eb. K\u00ebshtu, ju k\u00ebshillohet q\u00eb t\u00eb rishikoni k\u00ebt\u00eb faqe n\u00eb m\u00ebnyr\u00eb periodike p\u00ebr \u00e7do ndryshim. Ne do t&#8217;ju njoftojm\u00eb p\u00ebr \u00e7do ndryshim duke postuar politik\u00ebn e re t\u00eb intimitetit n\u00eb k\u00ebt\u00eb faqe. K\u00ebto ndryshime jan\u00eb efektive menj\u00ebher\u00eb pasi ato t\u00eb postohen n\u00eb k\u00ebt\u00eb faqe.<\/p>\n<p><strong>\u200bNa kontaktoni<\/strong><\/p>\n<p>\u200bN\u00ebse keni ndonj\u00eb pyetje ose sugjerim n\u00eb lidhje me politik\u00ebn ton\u00eb t\u00eb privat\u00ebsis\u00eb, mos hezitoni t\u00eb na kontaktoni n\u00eb https:\/\/gaccounting.al<\/p>\n","protected":false},"excerpt":{"rendered":"<p>\u200bKjo Uebfaqe ofrohet nga Gaccounting pa asnj\u00eb kosto dhe ka p\u00ebr q\u00ebllim p\u00ebrdorim si\u00e7 \u00ebsht\u00eb.Kjo faqe p\u00ebrdoret p\u00ebr t\u00eb informuar vizitor\u00ebt n\u00eb lidhje me politikat tona me mbledhjen, p\u00ebrdorimin dhe nxjerrjen e informacionit personal n\u00ebse dikush vendos t\u00eb p\u00ebrdor\u00eb sh\u00ebrbimin ton\u00eb.N\u00ebse vendosni t\u00eb p\u00ebrdorni sh\u00ebrbimin ton\u00eb, at\u00ebher\u00eb jeni dakord p\u00ebr mbledhjen dhe p\u00ebrdorimin e informacionit &hellip; <\/p>\n<p class=\"link-more\"><a href=\"https:\/\/gaccounting.al\/sq\/privatesia\/\" class=\"more-link\">Continue reading<span class=\"screen-reader-text\"> &#8220;Privat\u00ebsia&#8221;<\/span><\/a><\/p>\n","protected":false},"author":1,"featured_media":0,"parent":0,"menu_order":0,"comment_status":"closed","ping_status":"closed","template":"","meta":{"_seopress_robots_primary_cat":"","_seopress_titles_title":"","_seopress_titles_desc":"","_seopress_robots_index":"","footnotes":""},"class_list":["post-287","page","type-page","status-publish","hentry","entry"],"_links":{"self":[{"href":"https:\/\/gaccounting.al\/sq\/wp-json\/wp\/v2\/pages\/287","targetHints":{"allow":["GET"]}}],"collection":[{"href":"https:\/\/gaccounting.al\/sq\/wp-json\/wp\/v2\/pages"}],"about":[{"href":"https:\/\/gaccounting.al\/sq\/wp-json\/wp\/v2\/types\/page"}],"author":[{"embeddable":true,"href":"https:\/\/gaccounting.al\/sq\/wp-json\/wp\/v2\/users\/1"}],"replies":[{"embeddable":true,"href":"https:\/\/gaccounting.al\/sq\/wp-json\/wp\/v2\/comments?post=287"}],"version-history":[{"count":0,"href":"https:\/\/gaccounting.al\/sq\/wp-json\/wp\/v2\/pages\/287\/revisions"}],"wp:attachment":[{"href":"https:\/\/gaccounting.al\/sq\/wp-json\/wp\/v2\/media?parent=287"}],"curies":[{"name":"wp","href":"https:\/\/api.w.org\/{rel}","templated":true}]}}