{"id":248,"date":"2019-06-08T09:47:17","date_gmt":"2019-06-08T09:47:17","guid":{"rendered":"https:\/\/gaccounting.al\/contact\/"},"modified":"2020-11-23T10:00:15","modified_gmt":"2020-11-23T08:00:15","slug":"kontakti","status":"publish","type":"page","link":"https:\/\/gaccounting.al\/sq\/kontakti\/","title":{"rendered":"Kontakti"},"content":{"rendered":"<p style=\"text-align: center;\">Tani q\u00eb ju pat\u00eb tashm\u00eb \u00e7far\u00eb jemi, pse jo t\u00eb na kontaktoni dhe t\u00eb flasim di\u00e7ka m\u00eb shum\u00eb?<\/p>\n","protected":false},"excerpt":{"rendered":"<p>Tani q\u00eb ju pat\u00eb tashm\u00eb \u00e7far\u00eb jemi, pse jo t\u00eb na kontaktoni dhe t\u00eb flasim di\u00e7ka m\u00eb shum\u00eb?<\/p>\n","protected":false},"author":1,"featured_media":0,"parent":0,"menu_order":0,"comment_status":"closed","ping_status":"closed","template":"","meta":{"_seopress_robots_primary_cat":"","_seopress_titles_title":"","_seopress_titles_desc":"","_seopress_robots_index":"","footnotes":"","tve_updated_post":"","tve_custom_css":"","tve_user_custom_css":"","tve_globals":{},"tcb2_ready":1,"tcb_editor_enabled":1,"tve_landing_page":"blank_v2","_tve_header":"11","_tve_footer":"44"},"class_list":["post-248","page","type-page","status-publish","hentry","entry"],"_links":{"self":[{"href":"https:\/\/gaccounting.al\/sq\/wp-json\/wp\/v2\/pages\/248","targetHints":{"allow":["GET"]}}],"collection":[{"href":"https:\/\/gaccounting.al\/sq\/wp-json\/wp\/v2\/pages"}],"about":[{"href":"https:\/\/gaccounting.al\/sq\/wp-json\/wp\/v2\/types\/page"}],"author":[{"embeddable":true,"href":"https:\/\/gaccounting.al\/sq\/wp-json\/wp\/v2\/users\/1"}],"replies":[{"embeddable":true,"href":"https:\/\/gaccounting.al\/sq\/wp-json\/wp\/v2\/comments?post=248"}],"version-history":[{"count":0,"href":"https:\/\/gaccounting.al\/sq\/wp-json\/wp\/v2\/pages\/248\/revisions"}],"wp:attachment":[{"href":"https:\/\/gaccounting.al\/sq\/wp-json\/wp\/v2\/media?parent=248"}],"curies":[{"name":"wp","href":"https:\/\/api.w.org\/{rel}","templated":true}]}}