{"id":242,"date":"2019-06-08T09:47:02","date_gmt":"2019-06-08T09:47:02","guid":{"rendered":"https:\/\/gaccounting.al\/services\/"},"modified":"2023-11-19T23:22:34","modified_gmt":"2023-11-19T21:22:34","slug":"sherbimet","status":"publish","type":"page","link":"https:\/\/gaccounting.al\/sq\/sherbimet\/","title":{"rendered":"Sh\u00ebrbimet"},"content":{"rendered":"<ul>\n<li><span style=\"\">Mbajtja e kontabilitetit t\u00eb p\u00ebrditsh\u00ebm<\/span><\/li>\n<li style=\"\"><span style=\"\"><span>K\u00ebshillimi financiar, fiskal dhe ligjor<\/span><\/span><\/li>\n<li style=\"\"><span style=\"\">Pasqyrat financiare dhe analiza e tyre &nbsp;<\/span><\/li>\n<li><span style=\"\">Sistemet e raportimit<\/span><\/li>\n<li><span style=\"\">List\u00ebpagesat e t\u00eb ardhurat nga pun\u00ebsimi &nbsp;<\/span><\/li>\n<li><span>Inventar\u00ebt &nbsp; &nbsp; &nbsp;<\/span><\/li>\n<li><span style=\"\"><span>Aktivet afatgjata<\/span><\/span><\/li>\n<li><span>Kontabiliteti i kostos &nbsp; <\/span><\/li>\n<li><span><span>Buxhetimi <\/span><\/span><\/li>\n<\/ul>\n<p>  [tcb-script src=&#8221;https:\/\/forms.sfida.pro\/embed&#8221;][\/tcb-script]<\/p>\n","protected":false},"excerpt":{"rendered":"<p>Mbajtja e kontabilitetit t\u00eb p\u00ebrditsh\u00ebm K\u00ebshillimi financiar, fiskal dhe ligjor Pasqyrat financiare dhe analiza e tyre &nbsp; Sistemet e raportimit List\u00ebpagesat e t\u00eb ardhurat nga pun\u00ebsimi &nbsp; Inventar\u00ebt &nbsp; &nbsp; &nbsp; Aktivet afatgjata Kontabiliteti i kostos &nbsp; Buxhetimi [tcb-script src=&#8221;https:\/\/forms.sfida.pro\/embed&#8221;][\/tcb-script]<\/p>\n","protected":false},"author":1,"featured_media":0,"parent":0,"menu_order":0,"comment_status":"closed","ping_status":"closed","template":"","meta":{"_seopress_robots_primary_cat":"","_seopress_titles_title":"","_seopress_titles_desc":"","_seopress_robots_index":"","footnotes":"","tve_updated_post":"","tve_custom_css":"","tve_user_custom_css":"","tve_globals":{},"tcb2_ready":1,"tcb_editor_enabled":1,"tve_landing_page":"blank_v2","_tve_header":"11","_tve_footer":"44"},"class_list":["post-242","page","type-page","status-publish","hentry","entry"],"_links":{"self":[{"href":"https:\/\/gaccounting.al\/sq\/wp-json\/wp\/v2\/pages\/242","targetHints":{"allow":["GET"]}}],"collection":[{"href":"https:\/\/gaccounting.al\/sq\/wp-json\/wp\/v2\/pages"}],"about":[{"href":"https:\/\/gaccounting.al\/sq\/wp-json\/wp\/v2\/types\/page"}],"author":[{"embeddable":true,"href":"https:\/\/gaccounting.al\/sq\/wp-json\/wp\/v2\/users\/1"}],"replies":[{"embeddable":true,"href":"https:\/\/gaccounting.al\/sq\/wp-json\/wp\/v2\/comments?post=242"}],"version-history":[{"count":0,"href":"https:\/\/gaccounting.al\/sq\/wp-json\/wp\/v2\/pages\/242\/revisions"}],"wp:attachment":[{"href":"https:\/\/gaccounting.al\/sq\/wp-json\/wp\/v2\/media?parent=242"}],"curies":[{"name":"wp","href":"https:\/\/api.w.org\/{rel}","templated":true}]}}