{"id":236,"date":"2019-06-16T15:25:18","date_gmt":"2019-06-16T15:25:18","guid":{"rendered":"https:\/\/gaccounting.al\/legislation\/"},"modified":"2020-11-18T21:49:35","modified_gmt":"2020-11-18T19:49:35","slug":"legjislacioni","status":"publish","type":"page","link":"https:\/\/gaccounting.al\/sq\/legjislacioni\/","title":{"rendered":"Legjislacioni"},"content":{"rendered":"<p><span style=\"\"><img decoding=\"async\" alt=\"Ligjet\" data-id=\"332\" width=\"719\" data-init-width=\"2047\" height=\"899\" data-init-height=\"2560\" title=\"Ligjet\" loading=\"lazy\" src=\"https:\/\/gaccounting.al\/wp-content\/uploads\/2020\/11\/Faqja-05_Ligje-scaled.jpg\" data-width=\"719\" data-height=\"899\" style=\"\" ml-d=\"0\" mt-d=\"0\"><\/span><\/p>\n<h4 style=\"\">Procedurat tatimore&nbsp;<\/h4>\n<p style=\"\">Ligj nr. 9920, dat\u00eb 19.05.2008 (P\u00ebr procedurat tatimore n\u00eb Republik\u00ebn e Shqip\u00ebris\u00eb), p\u00ebrdit\u00ebsimi nr. 18<\/p>\n<p style=\"\">Ligj nr. 9920, dat\u00eb 19.05.2008 (P\u00ebr procedurat tatimore n\u00eb Republik\u00ebn e Shqip\u00ebris\u00eb), p\u00ebrdit\u00ebsimi nr. 18<\/p>\n<p style=\"\">Ligj nr. 9920, dat\u00eb 19.05.2008 (P\u00ebr procedurat tatimore n\u00eb Republik\u00ebn e Shqip\u00ebris\u00eb), p\u00ebrdit\u00ebsimi nr. 18<\/p>\n<h4 style=\"\">Tatimi mbi t\u00eb ardhurat<\/h4>\n<p>Ligj nr. 8438 dat\u00eb 28.12.1998 \u201cP\u00ebr tatimin mbi t\u00eb ardhurat\u201d, i ndryshuarUdh\u00ebzim i MF nr. 5 dat\u00eb 30.01.2006 \u201cP\u00ebr tatimin mbi t\u00eb ardhurat\u201d, i ndryshuar<\/p>\n<h4 style=\"\">Tatimi mbi vler\u00ebn e shtuar<\/h4>\n<p>Ligj nr. 92\/2014 dat\u00eb 24.07.2014 \u201cP\u00ebr tatimin mbi vler\u00ebn e shtuar n\u00eb Republik\u00ebn e Shqip\u00ebris\u00eb\u201d, Udh\u00ebzim i MF nr. 6 dat\u00eb 30.01.2015 \u201cP\u00ebr tatimin mbi vler\u00ebn e shtuar n\u00eb Republik\u00ebn e Shqip\u00ebris\u00eb\u201d<\/p>\n<h4 style=\"\">Kodi i pun\u00ebs<\/h4>\n<p style=\"\">Ligj nr. 7961, dat\u00eb 12.07.1995 \u201cKodi i Pun\u00ebs n\u00eb Republik\u00ebn e Shqip\u00ebris\u00eb\u201d, i ndryshuarKontributet e sigurimeve shoq\u00ebrore dhe sh\u00ebndet\u00ebsore<\/p>\n<p>Ligj nr. 9136 dt. 11.09.2003 \u201cPer mbledhjen e kontributeve te detyrueshme te sigurimeve shoqerore Udh\u00ebzim i MF nr. 23 dat \u00eb 9.12.2014 \u201cP\u00ebr mbledhjen e kontributeve t\u00eb detyrueshme t\u00eb sigurimeve<\/p>\n<h4 style=\"color: var(--tcb-color-1)  !important; --tcb-applied-color:var$(--tcb-color-1)  !important;\">Standardet komb\u00ebtare t\u00eb kontabilitetit<\/h4>\n","protected":false},"excerpt":{"rendered":"<p>Procedurat tatimore&nbsp; Ligj nr. 9920, dat\u00eb 19.05.2008 (P\u00ebr procedurat tatimore n\u00eb Republik\u00ebn e Shqip\u00ebris\u00eb), p\u00ebrdit\u00ebsimi nr. 18 Ligj nr. 9920, dat\u00eb 19.05.2008 (P\u00ebr procedurat tatimore n\u00eb Republik\u00ebn e Shqip\u00ebris\u00eb), p\u00ebrdit\u00ebsimi nr. 18 Ligj nr. 9920, dat\u00eb 19.05.2008 (P\u00ebr procedurat tatimore n\u00eb Republik\u00ebn e Shqip\u00ebris\u00eb), p\u00ebrdit\u00ebsimi nr. 18 Tatimi mbi t\u00eb ardhurat Ligj nr. 8438 dat\u00eb &hellip; <\/p>\n<p class=\"link-more\"><a href=\"https:\/\/gaccounting.al\/sq\/legjislacioni\/\" class=\"more-link\">Continue reading<span class=\"screen-reader-text\"> &#8220;Legjislacioni&#8221;<\/span><\/a><\/p>\n","protected":false},"author":1,"featured_media":0,"parent":0,"menu_order":0,"comment_status":"closed","ping_status":"closed","template":"","meta":{"_seopress_robots_primary_cat":"","_seopress_titles_title":"","_seopress_titles_desc":"","_seopress_robots_index":"","footnotes":""},"class_list":["post-236","page","type-page","status-publish","hentry","entry"],"_links":{"self":[{"href":"https:\/\/gaccounting.al\/sq\/wp-json\/wp\/v2\/pages\/236","targetHints":{"allow":["GET"]}}],"collection":[{"href":"https:\/\/gaccounting.al\/sq\/wp-json\/wp\/v2\/pages"}],"about":[{"href":"https:\/\/gaccounting.al\/sq\/wp-json\/wp\/v2\/types\/page"}],"author":[{"embeddable":true,"href":"https:\/\/gaccounting.al\/sq\/wp-json\/wp\/v2\/users\/1"}],"replies":[{"embeddable":true,"href":"https:\/\/gaccounting.al\/sq\/wp-json\/wp\/v2\/comments?post=236"}],"version-history":[{"count":0,"href":"https:\/\/gaccounting.al\/sq\/wp-json\/wp\/v2\/pages\/236\/revisions"}],"wp:attachment":[{"href":"https:\/\/gaccounting.al\/sq\/wp-json\/wp\/v2\/media?parent=236"}],"curies":[{"name":"wp","href":"https:\/\/api.w.org\/{rel}","templated":true}]}}