{"id":228,"date":"2019-06-08T09:46:32","date_gmt":"2019-06-08T09:46:32","guid":{"rendered":"https:\/\/gaccounting.al\/switch\/"},"modified":"2020-11-23T09:52:58","modified_gmt":"2020-11-23T07:52:58","slug":"kalo","status":"publish","type":"page","link":"https:\/\/gaccounting.al\/sq\/kalo\/","title":{"rendered":"B\u00ebj kalimin"},"content":{"rendered":"<p style=\"\">Shum\u00eb njer\u00ebz mendojn\u00eb p\u00ebr nd\u00ebrrimin e kontabilistit, por shpesh mendojn\u00eb se \u00ebsht\u00eb nj\u00eb proces i v\u00ebshtir\u00eb dhe nuk duan t\u00eb ofendojn\u00eb kontabilistin aktual.N\u00ebse kontabilisti juaj aktual ju ofron nj\u00eb sh\u00ebrbim pro-aktiv t\u00eb shk\u00eblqyer dhe me nj\u00eb \u00e7mim t\u00eb ndersh\u00ebm, at\u00ebher\u00eb mbajeni fort.Gjithsesi, kontabilist\u00eb t\u00eb ndrysh\u00ebm punojn\u00eb n\u00eb m\u00ebnyra t\u00eb ndryshme.Ne ofrojm\u00eb nj\u00eb sh\u00ebrbim shum\u00eb pro-aktiv dhe komunikues. Ne p\u00ebrdorim teknologjin\u00eb p\u00ebr t\u00eb siguruar q\u00eb proceset jan\u00eb projektuar n\u00eb rregull, dhe jemi p\u00ebrher\u00eb gati t\u2019u p\u00ebrgjigjemi pyetjeve me an\u00ebn e t\u00eb gjitha mjeteve t\u00eb komunikimit.Ne preferojm\u00eb t\u00eb fokusohemi n\u00eb at\u00eb si mund t\u00eb shtojm\u00eb vler\u00eb n\u00eb biznesin tuaj dhe t\u00eb rriteni, pa q\u00ebn\u00eb nj\u00eb kontabilist fantazm\u00eb q\u00eb vjen tek ju vet\u00ebm p\u00ebr formalitetin zyrtar.<span style=\"color: rgb(204, 32, 39);\">N\u00ebse ju doni t\u00eb kaloni me ne, procesi i dor\u00ebzimit p\u00ebrfshin vet\u00ebm nj\u00eb let\u00ebr nga ju, dhe ne merremi me gjith\u00e7ka tjet\u00ebr.<\/span><\/p>\n","protected":false},"excerpt":{"rendered":"<p>Shum\u00eb njer\u00ebz mendojn\u00eb p\u00ebr nd\u00ebrrimin e kontabilistit, por shpesh mendojn\u00eb se \u00ebsht\u00eb nj\u00eb proces i v\u00ebshtir\u00eb dhe nuk duan t\u00eb ofendojn\u00eb kontabilistin aktual.N\u00ebse kontabilisti juaj aktual ju ofron nj\u00eb sh\u00ebrbim pro-aktiv t\u00eb shk\u00eblqyer dhe me nj\u00eb \u00e7mim t\u00eb ndersh\u00ebm, at\u00ebher\u00eb mbajeni fort.Gjithsesi, kontabilist\u00eb t\u00eb ndrysh\u00ebm punojn\u00eb n\u00eb m\u00ebnyra t\u00eb ndryshme.Ne ofrojm\u00eb nj\u00eb sh\u00ebrbim shum\u00eb pro-aktiv &hellip; <\/p>\n<p class=\"link-more\"><a href=\"https:\/\/gaccounting.al\/sq\/kalo\/\" class=\"more-link\">Continue reading<span class=\"screen-reader-text\"> &#8220;B\u00ebj kalimin&#8221;<\/span><\/a><\/p>\n","protected":false},"author":1,"featured_media":0,"parent":0,"menu_order":0,"comment_status":"closed","ping_status":"closed","template":"","meta":{"_seopress_robots_primary_cat":"","_seopress_titles_title":"","_seopress_titles_desc":"","_seopress_robots_index":"","footnotes":""},"class_list":["post-228","page","type-page","status-publish","hentry","entry"],"_links":{"self":[{"href":"https:\/\/gaccounting.al\/sq\/wp-json\/wp\/v2\/pages\/228","targetHints":{"allow":["GET"]}}],"collection":[{"href":"https:\/\/gaccounting.al\/sq\/wp-json\/wp\/v2\/pages"}],"about":[{"href":"https:\/\/gaccounting.al\/sq\/wp-json\/wp\/v2\/types\/page"}],"author":[{"embeddable":true,"href":"https:\/\/gaccounting.al\/sq\/wp-json\/wp\/v2\/users\/1"}],"replies":[{"embeddable":true,"href":"https:\/\/gaccounting.al\/sq\/wp-json\/wp\/v2\/comments?post=228"}],"version-history":[{"count":0,"href":"https:\/\/gaccounting.al\/sq\/wp-json\/wp\/v2\/pages\/228\/revisions"}],"wp:attachment":[{"href":"https:\/\/gaccounting.al\/sq\/wp-json\/wp\/v2\/media?parent=228"}],"curies":[{"name":"wp","href":"https:\/\/api.w.org\/{rel}","templated":true}]}}