{"id":124,"date":"2019-01-01T16:00:23","date_gmt":"2019-01-01T16:00:23","guid":{"rendered":"https:\/\/gaccounting.al\/?page_id=124"},"modified":"2022-11-09T11:41:25","modified_gmt":"2022-11-09T09:41:25","slug":"home","status":"publish","type":"page","link":"https:\/\/gaccounting.al\/sq\/","title":{"rendered":"Kreu"},"content":{"rendered":"<p><span style=\"width: 100%;\"><a href=\"https:\/\/gaccounting.al\/home\/\" rel=\"\"><img decoding=\"async\" alt=\"Gaccounting (logo)\" title=\"Gaccounting (logo)\" data-id=\"29\" src=\"https:\/\/gaccounting.al\/wp-content\/uploads\/2019\/06\/Gaccounting-logo-01-300x62.png\" style=\"\" data-link-wrap=\"1\" width=\"300\" height=\"62\"><\/a><\/span><a href=\"#tve-jump-170e389800c\" rel=\"\" jump-animation=\"smooth\">  <\/a><\/p>\n<p style=\"text-align: left;\">Doni t\u00eb keni llogarit\u00eb tuaja, mbajtjen e kontabilitetit, sistemet e raportimit, list\u00ebpagesat, dhe k\u00ebshillimin e vazhduesh\u00ebm nga nj\u00eb vend, me nj\u00eb \u00e7mim t\u00eb p\u00eblqyesh\u00ebm ?Doni t\u00eb hiqni dhimbjen e kontabilitetit nga jeta juaj e p\u00ebrditshme?Po?At\u00ebher\u00eb mos shikoni m\u00eb tej!<span style=\"color: rgb(204, 32, 39);\">Mir\u00eb se erdh\u00ebt n\u00eb gaccounting!<\/span><\/p>\n","protected":false},"excerpt":{"rendered":"<p>Doni t\u00eb keni llogarit\u00eb tuaja, mbajtjen e kontabilitetit, sistemet e raportimit, list\u00ebpagesat, dhe k\u00ebshillimin e vazhduesh\u00ebm nga nj\u00eb vend, me nj\u00eb \u00e7mim t\u00eb p\u00eblqyesh\u00ebm ?Doni t\u00eb hiqni dhimbjen e kontabilitetit nga jeta juaj e p\u00ebrditshme?Po?At\u00ebher\u00eb mos shikoni m\u00eb tej!Mir\u00eb se erdh\u00ebt n\u00eb gaccounting!<\/p>\n","protected":false},"author":1,"featured_media":0,"parent":0,"menu_order":0,"comment_status":"closed","ping_status":"closed","template":"","meta":{"_seopress_robots_primary_cat":"","_seopress_titles_title":"gaccounting.al - Zyr\u00eb Kontabiliteti","_seopress_titles_desc":"Your Accounting Office in Albania.","_seopress_robots_index":"","footnotes":""},"class_list":["post-124","page","type-page","status-publish","hentry","entry"],"_links":{"self":[{"href":"https:\/\/gaccounting.al\/sq\/wp-json\/wp\/v2\/pages\/124","targetHints":{"allow":["GET"]}}],"collection":[{"href":"https:\/\/gaccounting.al\/sq\/wp-json\/wp\/v2\/pages"}],"about":[{"href":"https:\/\/gaccounting.al\/sq\/wp-json\/wp\/v2\/types\/page"}],"author":[{"embeddable":true,"href":"https:\/\/gaccounting.al\/sq\/wp-json\/wp\/v2\/users\/1"}],"replies":[{"embeddable":true,"href":"https:\/\/gaccounting.al\/sq\/wp-json\/wp\/v2\/comments?post=124"}],"version-history":[{"count":0,"href":"https:\/\/gaccounting.al\/sq\/wp-json\/wp\/v2\/pages\/124\/revisions"}],"wp:attachment":[{"href":"https:\/\/gaccounting.al\/sq\/wp-json\/wp\/v2\/media?parent=124"}],"curies":[{"name":"wp","href":"https:\/\/api.w.org\/{rel}","templated":true}]}}